{"id":994,"date":"2016-10-27T13:17:26","date_gmt":"2016-10-27T13:17:26","guid":{"rendered":"https:\/\/anzenscalpel.com\/home\/"},"modified":"2022-05-11T14:17:03","modified_gmt":"2022-05-11T14:17:03","slug":"home","status":"publish","type":"page","link":"https:\/\/anzenscalpel.com\/es\/","title":{"rendered":"Inicio"},"content":{"rendered":"","protected":false},"excerpt":{"rendered":"","protected":false},"author":2,"featured_media":0,"parent":0,"menu_order":0,"comment_status":"closed","ping_status":"closed","template":"","meta":{"_acf_changed":false,"_monsterinsights_skip_tracking":false,"_monsterinsights_sitenote_active":false,"_monsterinsights_sitenote_note":"","_monsterinsights_sitenote_category":0,"footnotes":"","_links_to":"","_links_to_target":""},"class_list":["post-994","page","type-page","status-publish","hentry"],"acf":[],"yoast_head":"<!-- This site is optimized with the Yoast SEO plugin v27.1.1 - https:\/\/yoast.com\/product\/yoast-seo-wordpress\/ -->\n<title>Bistur\u00ed de seguridad Anzen | Bistur\u00ed quir\u00fargico<\/title>\n<meta name=\"description\" content=\"El bistur\u00ed de seguridad Anzen aplica las caracter\u00edsticas de seguridad necesarias sin perder la familiaridad, el control y la facilidad de uso de los bistur\u00edes quir\u00fargicos actuales.\" \/>\n<meta name=\"robots\" content=\"index, follow, max-snippet:-1, max-image-preview:large, max-video-preview:-1\" \/>\n<link rel=\"canonical\" href=\"https:\/\/anzenscalpel.com\/es\/\" \/>\n<meta property=\"og:locale\" content=\"es_ES\" \/>\n<meta property=\"og:type\" content=\"article\" \/>\n<meta property=\"og:title\" content=\"Bistur\u00ed de seguridad Anzen | Bistur\u00ed quir\u00fargico\" \/>\n<meta property=\"og:description\" content=\"El bistur\u00ed de seguridad Anzen aplica las caracter\u00edsticas de seguridad necesarias sin perder la familiaridad, el control y la facilidad de uso de los bistur\u00edes quir\u00fargicos actuales.\" \/>\n<meta property=\"og:url\" content=\"https:\/\/anzenscalpel.com\/es\/\" \/>\n<meta property=\"og:site_name\" content=\"Anzen\" \/>\n<meta property=\"article:modified_time\" content=\"2022-05-11T14:17:03+00:00\" \/>\n<meta name=\"twitter:card\" content=\"summary_large_image\" \/>\n<script type=\"application\/ld+json\" class=\"yoast-schema-graph\">{\"@context\":\"https:\/\/schema.org\",\"@graph\":[{\"@type\":\"WebPage\",\"@id\":\"https:\/\/anzenscalpel.com\/es\/\",\"url\":\"https:\/\/anzenscalpel.com\/es\/\",\"name\":\"Bistur\u00ed de seguridad Anzen | Bistur\u00ed quir\u00fargico\",\"isPartOf\":{\"@id\":\"https:\/\/anzenscalpel.com\/es\/#website\"},\"datePublished\":\"2016-10-27T13:17:26+00:00\",\"dateModified\":\"2022-05-11T14:17:03+00:00\",\"description\":\"El bistur\u00ed de seguridad Anzen aplica las caracter\u00edsticas de seguridad necesarias sin perder la familiaridad, el control y la facilidad de uso de los bistur\u00edes quir\u00fargicos actuales.\",\"breadcrumb\":{\"@id\":\"https:\/\/anzenscalpel.com\/es\/#breadcrumb\"},\"inLanguage\":\"es\",\"potentialAction\":[{\"@type\":\"ReadAction\",\"target\":[\"https:\/\/anzenscalpel.com\/es\/\"]}]},{\"@type\":\"BreadcrumbList\",\"@id\":\"https:\/\/anzenscalpel.com\/es\/#breadcrumb\",\"itemListElement\":[{\"@type\":\"ListItem\",\"position\":1,\"name\":\"Inicio\",\"item\":\"https:\/\/anzenscalpel.com\/es\/\"},{\"@type\":\"ListItem\",\"position\":2,\"name\":\"Inicio\"}]},{\"@type\":\"WebSite\",\"@id\":\"https:\/\/anzenscalpel.com\/es\/#website\",\"url\":\"https:\/\/anzenscalpel.com\/es\/\",\"name\":\"Anzen\",\"description\":\"Bistur\u00ed de seguridad Anzen | Bistur\u00ed quir\u00fargico\",\"potentialAction\":[{\"@type\":\"SearchAction\",\"target\":{\"@type\":\"EntryPoint\",\"urlTemplate\":\"https:\/\/anzenscalpel.com\/es\/?s={search_term_string}\"},\"query-input\":{\"@type\":\"PropertyValueSpecification\",\"valueRequired\":true,\"valueName\":\"search_term_string\"}}],\"inLanguage\":\"es\"}]}<\/script>\n<!-- \/ Yoast SEO plugin. -->","yoast_head_json":{"title":"Bistur\u00ed de seguridad Anzen | Bistur\u00ed quir\u00fargico","description":"El bistur\u00ed de seguridad Anzen aplica las caracter\u00edsticas de seguridad necesarias sin perder la familiaridad, el control y la facilidad de uso de los bistur\u00edes quir\u00fargicos actuales.","robots":{"index":"index","follow":"follow","max-snippet":"max-snippet:-1","max-image-preview":"max-image-preview:large","max-video-preview":"max-video-preview:-1"},"canonical":"https:\/\/anzenscalpel.com\/es\/","og_locale":"es_ES","og_type":"article","og_title":"Bistur\u00ed de seguridad Anzen | Bistur\u00ed quir\u00fargico","og_description":"El bistur\u00ed de seguridad Anzen aplica las caracter\u00edsticas de seguridad necesarias sin perder la familiaridad, el control y la facilidad de uso de los bistur\u00edes quir\u00fargicos actuales.","og_url":"https:\/\/anzenscalpel.com\/es\/","og_site_name":"Anzen","article_modified_time":"2022-05-11T14:17:03+00:00","twitter_card":"summary_large_image","schema":{"@context":"https:\/\/schema.org","@graph":[{"@type":"WebPage","@id":"https:\/\/anzenscalpel.com\/es\/","url":"https:\/\/anzenscalpel.com\/es\/","name":"Bistur\u00ed de seguridad Anzen | Bistur\u00ed quir\u00fargico","isPartOf":{"@id":"https:\/\/anzenscalpel.com\/es\/#website"},"datePublished":"2016-10-27T13:17:26+00:00","dateModified":"2022-05-11T14:17:03+00:00","description":"El bistur\u00ed de seguridad Anzen aplica las caracter\u00edsticas de seguridad necesarias sin perder la familiaridad, el control y la facilidad de uso de los bistur\u00edes quir\u00fargicos actuales.","breadcrumb":{"@id":"https:\/\/anzenscalpel.com\/es\/#breadcrumb"},"inLanguage":"es","potentialAction":[{"@type":"ReadAction","target":["https:\/\/anzenscalpel.com\/es\/"]}]},{"@type":"BreadcrumbList","@id":"https:\/\/anzenscalpel.com\/es\/#breadcrumb","itemListElement":[{"@type":"ListItem","position":1,"name":"Inicio","item":"https:\/\/anzenscalpel.com\/es\/"},{"@type":"ListItem","position":2,"name":"Inicio"}]},{"@type":"WebSite","@id":"https:\/\/anzenscalpel.com\/es\/#website","url":"https:\/\/anzenscalpel.com\/es\/","name":"Anzen","description":"Bistur\u00ed de seguridad Anzen | Bistur\u00ed quir\u00fargico","potentialAction":[{"@type":"SearchAction","target":{"@type":"EntryPoint","urlTemplate":"https:\/\/anzenscalpel.com\/es\/?s={search_term_string}"},"query-input":{"@type":"PropertyValueSpecification","valueRequired":true,"valueName":"search_term_string"}}],"inLanguage":"es"}]}},"_links":{"self":[{"href":"https:\/\/anzenscalpel.com\/es\/wp-json\/wp\/v2\/pages\/994","targetHints":{"allow":["GET"]}}],"collection":[{"href":"https:\/\/anzenscalpel.com\/es\/wp-json\/wp\/v2\/pages"}],"about":[{"href":"https:\/\/anzenscalpel.com\/es\/wp-json\/wp\/v2\/types\/page"}],"author":[{"embeddable":true,"href":"https:\/\/anzenscalpel.com\/es\/wp-json\/wp\/v2\/users\/2"}],"replies":[{"embeddable":true,"href":"https:\/\/anzenscalpel.com\/es\/wp-json\/wp\/v2\/comments?post=994"}],"version-history":[{"count":5,"href":"https:\/\/anzenscalpel.com\/es\/wp-json\/wp\/v2\/pages\/994\/revisions"}],"predecessor-version":[{"id":1293,"href":"https:\/\/anzenscalpel.com\/es\/wp-json\/wp\/v2\/pages\/994\/revisions\/1293"}],"wp:attachment":[{"href":"https:\/\/anzenscalpel.com\/es\/wp-json\/wp\/v2\/media?parent=994"}],"curies":[{"name":"wp","href":"https:\/\/api.w.org\/{rel}","templated":true}]}}