{"id":995,"date":"2016-10-27T19:17:23","date_gmt":"2016-10-27T19:17:23","guid":{"rendered":"https:\/\/anzenscalpel.com\/seguridad-de-los-objetos-punzantes\/"},"modified":"2022-05-19T06:30:06","modified_gmt":"2022-05-19T06:30:06","slug":"seguridad-de-los-objetos-punzantes","status":"publish","type":"page","link":"https:\/\/anzenscalpel.com\/es\/seguridad-de-los-objetos-punzantes\/","title":{"rendered":"Seguridad de Objetos Punzantes"},"content":{"rendered":"","protected":false},"excerpt":{"rendered":"","protected":false},"author":2,"featured_media":0,"parent":0,"menu_order":0,"comment_status":"closed","ping_status":"closed","template":"template-custom.php","meta":{"_acf_changed":false,"_monsterinsights_skip_tracking":false,"_monsterinsights_sitenote_active":false,"_monsterinsights_sitenote_note":"","_monsterinsights_sitenote_category":0,"footnotes":"","_links_to":"","_links_to_target":""},"class_list":["post-995","page","type-page","status-publish","hentry"],"acf":[],"yoast_head":"<!-- This site is optimized with the Yoast SEO plugin v27.4 - https:\/\/yoast.com\/product\/yoast-seo-wordpress\/ -->\n<title>Educaci\u00f3n sobre la Seguridad del Bistur\u00ed | Anzen<\/title>\n<meta name=\"description\" content=\"La educaci\u00f3n sobre la seguridad del bistur\u00ed minimiza la exposici\u00f3n a la hoja del bistur\u00ed disminuyendo las lesiones en el quir\u00f3fano y el tiempo de administraci\u00f3n tras los incidentes con objetos punzantes.\" \/>\n<meta name=\"robots\" content=\"index, follow, max-snippet:-1, max-image-preview:large, max-video-preview:-1\" \/>\n<link rel=\"canonical\" href=\"https:\/\/anzenscalpel.com\/es\/seguridad-de-los-objetos-punzantes\/\" \/>\n<meta property=\"og:locale\" content=\"es_ES\" \/>\n<meta property=\"og:type\" content=\"article\" \/>\n<meta property=\"og:title\" content=\"Educaci\u00f3n sobre la Seguridad del Bistur\u00ed | Anzen\" \/>\n<meta property=\"og:description\" content=\"La educaci\u00f3n sobre la seguridad del bistur\u00ed minimiza la exposici\u00f3n a la hoja del bistur\u00ed disminuyendo las lesiones en el quir\u00f3fano y el tiempo de administraci\u00f3n tras los incidentes con objetos punzantes.\" \/>\n<meta property=\"og:url\" content=\"https:\/\/anzenscalpel.com\/es\/seguridad-de-los-objetos-punzantes\/\" \/>\n<meta property=\"og:site_name\" content=\"Anzen\" \/>\n<meta property=\"article:modified_time\" content=\"2022-05-19T06:30:06+00:00\" \/>\n<meta name=\"twitter:card\" content=\"summary_large_image\" \/>\n<script type=\"application\/ld+json\" class=\"yoast-schema-graph\">{\"@context\":\"https:\\\/\\\/schema.org\",\"@graph\":[{\"@type\":\"WebPage\",\"@id\":\"https:\\\/\\\/anzenscalpel.com\\\/es\\\/seguridad-de-los-objetos-punzantes\\\/\",\"url\":\"https:\\\/\\\/anzenscalpel.com\\\/es\\\/seguridad-de-los-objetos-punzantes\\\/\",\"name\":\"Educaci\u00f3n sobre la Seguridad del Bistur\u00ed | Anzen\",\"isPartOf\":{\"@id\":\"https:\\\/\\\/anzenscalpel.com\\\/es\\\/#website\"},\"datePublished\":\"2016-10-27T19:17:23+00:00\",\"dateModified\":\"2022-05-19T06:30:06+00:00\",\"description\":\"La educaci\u00f3n sobre la seguridad del bistur\u00ed minimiza la exposici\u00f3n a la hoja del bistur\u00ed disminuyendo las lesiones en el quir\u00f3fano y el tiempo de administraci\u00f3n tras los incidentes con objetos punzantes.\",\"breadcrumb\":{\"@id\":\"https:\\\/\\\/anzenscalpel.com\\\/es\\\/seguridad-de-los-objetos-punzantes\\\/#breadcrumb\"},\"inLanguage\":\"es\",\"potentialAction\":[{\"@type\":\"ReadAction\",\"target\":[\"https:\\\/\\\/anzenscalpel.com\\\/es\\\/seguridad-de-los-objetos-punzantes\\\/\"]}]},{\"@type\":\"BreadcrumbList\",\"@id\":\"https:\\\/\\\/anzenscalpel.com\\\/es\\\/seguridad-de-los-objetos-punzantes\\\/#breadcrumb\",\"itemListElement\":[{\"@type\":\"ListItem\",\"position\":1,\"name\":\"Inicio\",\"item\":\"https:\\\/\\\/anzenscalpel.com\\\/es\\\/\"},{\"@type\":\"ListItem\",\"position\":2,\"name\":\"Seguridad de Objetos Punzantes\"}]},{\"@type\":\"WebSite\",\"@id\":\"https:\\\/\\\/anzenscalpel.com\\\/es\\\/#website\",\"url\":\"https:\\\/\\\/anzenscalpel.com\\\/es\\\/\",\"name\":\"Anzen\",\"description\":\"Bistur\u00ed de seguridad Anzen | Bistur\u00ed quir\u00fargico\",\"potentialAction\":[{\"@type\":\"SearchAction\",\"target\":{\"@type\":\"EntryPoint\",\"urlTemplate\":\"https:\\\/\\\/anzenscalpel.com\\\/es\\\/?s={search_term_string}\"},\"query-input\":{\"@type\":\"PropertyValueSpecification\",\"valueRequired\":true,\"valueName\":\"search_term_string\"}}],\"inLanguage\":\"es\"}]}<\/script>\n<!-- \/ Yoast SEO plugin. -->","yoast_head_json":{"title":"Educaci\u00f3n sobre la Seguridad del Bistur\u00ed | Anzen","description":"La educaci\u00f3n sobre la seguridad del bistur\u00ed minimiza la exposici\u00f3n a la hoja del bistur\u00ed disminuyendo las lesiones en el quir\u00f3fano y el tiempo de administraci\u00f3n tras los incidentes con objetos punzantes.","robots":{"index":"index","follow":"follow","max-snippet":"max-snippet:-1","max-image-preview":"max-image-preview:large","max-video-preview":"max-video-preview:-1"},"canonical":"https:\/\/anzenscalpel.com\/es\/seguridad-de-los-objetos-punzantes\/","og_locale":"es_ES","og_type":"article","og_title":"Educaci\u00f3n sobre la Seguridad del Bistur\u00ed | Anzen","og_description":"La educaci\u00f3n sobre la seguridad del bistur\u00ed minimiza la exposici\u00f3n a la hoja del bistur\u00ed disminuyendo las lesiones en el quir\u00f3fano y el tiempo de administraci\u00f3n tras los incidentes con objetos punzantes.","og_url":"https:\/\/anzenscalpel.com\/es\/seguridad-de-los-objetos-punzantes\/","og_site_name":"Anzen","article_modified_time":"2022-05-19T06:30:06+00:00","twitter_card":"summary_large_image","schema":{"@context":"https:\/\/schema.org","@graph":[{"@type":"WebPage","@id":"https:\/\/anzenscalpel.com\/es\/seguridad-de-los-objetos-punzantes\/","url":"https:\/\/anzenscalpel.com\/es\/seguridad-de-los-objetos-punzantes\/","name":"Educaci\u00f3n sobre la Seguridad del Bistur\u00ed | Anzen","isPartOf":{"@id":"https:\/\/anzenscalpel.com\/es\/#website"},"datePublished":"2016-10-27T19:17:23+00:00","dateModified":"2022-05-19T06:30:06+00:00","description":"La educaci\u00f3n sobre la seguridad del bistur\u00ed minimiza la exposici\u00f3n a la hoja del bistur\u00ed disminuyendo las lesiones en el quir\u00f3fano y el tiempo de administraci\u00f3n tras los incidentes con objetos punzantes.","breadcrumb":{"@id":"https:\/\/anzenscalpel.com\/es\/seguridad-de-los-objetos-punzantes\/#breadcrumb"},"inLanguage":"es","potentialAction":[{"@type":"ReadAction","target":["https:\/\/anzenscalpel.com\/es\/seguridad-de-los-objetos-punzantes\/"]}]},{"@type":"BreadcrumbList","@id":"https:\/\/anzenscalpel.com\/es\/seguridad-de-los-objetos-punzantes\/#breadcrumb","itemListElement":[{"@type":"ListItem","position":1,"name":"Inicio","item":"https:\/\/anzenscalpel.com\/es\/"},{"@type":"ListItem","position":2,"name":"Seguridad de Objetos Punzantes"}]},{"@type":"WebSite","@id":"https:\/\/anzenscalpel.com\/es\/#website","url":"https:\/\/anzenscalpel.com\/es\/","name":"Anzen","description":"Bistur\u00ed de seguridad Anzen | Bistur\u00ed quir\u00fargico","potentialAction":[{"@type":"SearchAction","target":{"@type":"EntryPoint","urlTemplate":"https:\/\/anzenscalpel.com\/es\/?s={search_term_string}"},"query-input":{"@type":"PropertyValueSpecification","valueRequired":true,"valueName":"search_term_string"}}],"inLanguage":"es"}]}},"_links":{"self":[{"href":"https:\/\/anzenscalpel.com\/es\/wp-json\/wp\/v2\/pages\/995","targetHints":{"allow":["GET"]}}],"collection":[{"href":"https:\/\/anzenscalpel.com\/es\/wp-json\/wp\/v2\/pages"}],"about":[{"href":"https:\/\/anzenscalpel.com\/es\/wp-json\/wp\/v2\/types\/page"}],"author":[{"embeddable":true,"href":"https:\/\/anzenscalpel.com\/es\/wp-json\/wp\/v2\/users\/2"}],"replies":[{"embeddable":true,"href":"https:\/\/anzenscalpel.com\/es\/wp-json\/wp\/v2\/comments?post=995"}],"version-history":[{"count":5,"href":"https:\/\/anzenscalpel.com\/es\/wp-json\/wp\/v2\/pages\/995\/revisions"}],"predecessor-version":[{"id":1259,"href":"https:\/\/anzenscalpel.com\/es\/wp-json\/wp\/v2\/pages\/995\/revisions\/1259"}],"wp:attachment":[{"href":"https:\/\/anzenscalpel.com\/es\/wp-json\/wp\/v2\/media?parent=995"}],"curies":[{"name":"wp","href":"https:\/\/api.w.org\/{rel}","templated":true}]}}